{"id":3646,"date":"2025-07-30T07:24:17","date_gmt":"2025-07-30T07:24:17","guid":{"rendered":"https:\/\/anadolupanel.com\/bayilerimiz\/"},"modified":"2025-08-12T14:33:57","modified_gmt":"2025-08-12T14:33:57","slug":"our-dealers","status":"publish","type":"page","link":"https:\/\/anadolupanel.com\/en\/our-dealers\/","title":{"rendered":"Our Dealers"},"content":{"rendered":"\n<div class=\"sl-shortcode-block\"><div class=\"input-control blocks-shortcode-textarea sl_shortcode_area\"><style type=\"text\/css\">\n   #asl-storelocator.asl-cont.asl-template-4 .asl-wrapper .asl-top-area  > .pol-lg-12 .Filter_section .search_btn_box .sl-search-btn {margin-bottom: 1.5rem;}\n   .asl-p-cont .asl-print-btn,.asl-cont .asl-print-btn {display: none !important;}<\/style>\n<section id=\"asl-storelocator\" class=\"asl-cont asl-template-4 asl-layout-0 asl-bg-1  asl-text-1\">\n        <div class=\"asl-overlay\" id=\"map-loading\">\n        <div class=\"white\"><\/div>\n        <div class=\"sl-loading\">\n          <i class=\"animate-sl-spin icon-spin3\"><\/i>\n          Loading...        <\/div>\n    <\/div>\n     <div class=\"asl-wrapper\">\n         <div class=\"sl-container\">\n            <div class=\"sl-row asl-top-area\">\n               <div class=\"pol-md-6 pol-lg-6\">\n                  <div class=\"Filter_section\">\n                    <div class=\"search_filter\">\n                       <label for=\"auto-complete-search\" class=\"asl-filter-top-title\">Search Your Nearest Location<\/label>\n                       <div class=\"sl-search-group\">\n                          <input type=\"text\" value=\"\" data-submit=\"disable\" id=\"auto-complete-search\" placeholder=\"Search Location\"  class=\"asl-search-address isp_ignore\">\n                          <button aria-label=\"Search Location\" title=\"Search Location\" type=\"button\" class=\"span-geo\"><i class=\"asl-geo icon-direction-outline\" title=\"Current Location\"><\/i><\/button>\n                       <\/div>\n                    <\/div>\n                    <div class=\"asl-advance-filters hide\">\n                       <div class=\"sl-row\">\n                                                                                                        <div class=\"pol-lg-6 pol-md-12 pol-sm-6 col-12 range_filter hide asl-ddl-filters\">\n                             <div class=\"asl-filter-cntrl rangeFilter\">\n                                <label class=\"asl-cntrl-lbl\">Distance Range<\/label>\n                                <input id=\"asl-radius-slide\" type=\"text\" class=\"span2\" \/>\n                                <span class=\"rad-unit\">Radius: <span id=\"asl-radius-input\"><\/span> <span id=\"asl-dist-unit\">Km<\/span><\/span>\n                             <\/div>\n                          <\/div>\n                          <div class=\"pol-lg-6 pol-md-12 pol-sm-6 col-12 Status_filter\">\n                             <div class=\"asl-filter-cntrl\">\n                                <label class=\"asl-cntrl-lbl\">Status<\/label>\n                                <div class=\"onoffswitch\">\n                                   <input type=\"checkbox\" name=\"onoffswitch\" class=\"onoffswitch-checkbox\" id=\"asl-open-close\" checked>\n                                   <label aria-label=\"Opened Stores\" title=\"Opened Stores\" class=\"onoffswitch-label\" for=\"asl-open-close\">\n                                     <span class=\"onoffswitch-inner\"><\/span>\n                                     <span class=\"onoffswitch-switch\"><\/span>\n                                   <\/label>\n                                <\/div>\n                             <\/div>\n                          <\/div>\n                          \n                       <\/div>\n                    <\/div>\n                    <div class=\"d-md-flex search_btn_box mb-3 mb-md-0\">\n                        <button type=\"button\" title=\"Search Location\" class=\"icon-search sl-search-btn\">Search<\/button>\n                        <button type=\"button\" title=\"Reset Map\" class=\"ml-0 ml-md-2 asl-reset-btn\">Reset Map<\/button>\n                    <\/div>\n                  <\/div>\n               <\/div>\n               <div class=\"pol-md-6 pol-lg-6\">\n                  <div class=\"asl-map\">\n                    <div class=\"map-image\">\n                       <div id=\"asl-map-canv\" class=\"asl-map-canv\"><\/div>\n                        <div id=\"agile-modal-direction\" class=\"agile-modal fade\">\n    <div class=\"agile-modal-backdrop-in\"><\/div>\n    <div class=\"agile-modal-dialog in\">\n        <div class=\"agile-modal-content\">\n            <div class=\"sl-form-group d-flex justify-content-between\">\n                <h4 >GET DIRECTIONS<\/h4>\n                <button type=\"button\" class=\"close-directions sl-close\" data-dismiss=\"agile-modal\" aria-label=\"Close\">&times;<\/button>\n            <\/div>\n            <div class=\"sl-form-group\">\n                <label for=\"frm-lbl\">From:<\/label>\n                <input type=\"text\" class=\"form-control frm-place\" id=\"frm-lbl\" placeholder=\"Enter a Location\">\n            <\/div>\n            <div class=\"sl-form-group\">\n                <label for=\"to-lbl\">To:<\/label>\n                <input readonly=\"true\" type=\"text\"  class=\"directions-to form-control\" id=\"to-lbl\" placeholder=\"Prepopulated Destination Address\">\n            <\/div>\n            <div class=\"sl-form-group mb-0\">\n                <label for=\"rbtn-km\" class=\"checkbox-inline\">\n                    <input type=\"radio\" name=\"dist-type\"  id=\"rbtn-km\" value=\"0\"> Km                <\/label>\n                <label for=\"rbtn-mile\" class=\"checkbox-inline\">\n                    <input type=\"radio\" name=\"dist-type\" checked id=\"rbtn-mile\" value=\"1\"> Miles                <\/label>\n            <\/div>\n            <div class=\"sl-form-group mb-0\">\n                <button type=\"submit\" class=\"btn btn-default btn-submit\">GET DIRECTIONS<\/button>\n            <\/div>\n        <\/div>\n    <\/div>\n<\/div>\n\n<div id=\"asl-geolocation-agile-modal\" class=\"agile-modal fade\">\n  <div class=\"agile-modal-backdrop-in\"><\/div>\n  <div class=\"agile-modal-dialog in\">\n    <div class=\"agile-modal-content\">\n            <div class=\"sl-form-group d-flex justify-content-between\">\n        <h5>Use my location to find the closest Service Provider near me<\/h5>\n        <button type=\"button\" class=\"close-directions sl-close\" data-dismiss=\"agile-modal\" aria-label=\"Close\">&times;<\/button>\n      <\/div>\n      <div class=\"sl-form-group text-center mb-0\">\n        <button type=\"button\" id=\"asl-btn-geolocation\" class=\"btn btn-block btn-default\">USE LOCATION<\/button>\n      <\/div>\n          <\/div>\n  <\/div>\n<\/div>\n\n<div id=\"asl-desc-agile-modal\" class=\"agile-modal fade\">\n  <div class=\"agile-modal-backdrop-in\"><\/div>\n  <div class=\"agile-modal-dialog in\">\n    <div class=\"agile-modal-content\">\n      <div class=\"sl-row\">\n        <div class=\"pol-md-12\">\n          <div class=\"sl-form-group d-flex justify-content-between\">\n            <h4 class=\"sl-title\">Description<\/h4>\n            <button type=\"button\" class=\"close-directions sl-close\" data-dismiss=\"agile-modal\" aria-label=\"Close\">&times;<\/button>\n          <\/div>\n          <div class=\"sl-desc\"><\/div>\n        <\/div>\n      <\/div>\n    <\/div>\n  <\/div>\n<\/div>                    <\/div>\n                  <\/div>\n               <\/div>\n            <\/div>\n            <div class=\"sl-row\">\n               <div class=\"pol-12\">\n                  <div class=\"sl-main-cont\">\n                     <div id=\"asl-panel\" class=\"sl-main-row\">\n                        <div id=\"asl-list\" class=\"asl-panel\">\n                           <div class=\"asl-panel-inner\">\n                                <div class=\"Num_of_store pb-3\">\n                                  <span class=\"count-result-text\">Number Of Shops: <span class=\"count-result\">0<\/span><\/span>\n                                                                  <\/div>\n                              <div class=\"sl-main-cont-box\">\n                                 <div class=\"sl-list-wrapper\">\n                                    <ul id=\"p-statelist\" class=\"sl-list sl-row panel-inner\">\n                                    <\/ul>\n                                 <\/div>\n                              <\/div>\n                           <\/div>\n                           <div class=\"directions-cont hide\">\n                              <div class=\"agile-modal-header\">\n                                 <button type=\"button\" class=\"close\"><span aria-hidden=\"true\">\u00d7<\/span><\/button>\n                                 <h4>Store Direction<\/h4>\n                              <\/div>\n                              <div class=\"rendered-directions\" id=\"asl-rendered-dir\" style=\"direction: ltr;\"><\/div>\n                           <\/div>\n                        <\/div>\n                     <\/div>\n                  <\/div>\n               <\/div>\n            <\/div>\n         <\/div>\n      <\/div>\n<\/section>\n<!-- This plugin is developed by \"Agile Store Locator for WordPress\" https:\/\/agilestorelocator.com --><\/div><\/div>\n\n\n\n<p><\/p>\n\n<style>\n.asl-cluster::before, .asl-cluster::after\nSpecificity: (0,1,1)\n {\n    background: #e11c2c!important;\n}\n\n.asl-cluster-1 {\n    --cluster-color: #e11c2c!important;\n}\n.asl-cont .pol-lg-6 {\n    -ms-flex: 0 0 50%!important;\n    flex: 0 0 100%!important;\n    max-width: 100%!important;\n}\n\n#asl-storelocator.asl-cont.asl-template-4 .asl-wrapper .asl-top-area {\n    display: flex!important;\n    flex-direction: column-reverse!important;\n    gap: 20px!important;\n}\n\n#asl-storelocator.asl-cont.asl-template-4 .asl-wrapper .asl-top-area .asl-map {\n    height: 400px!important;\n    margin-top: 40px!important;\n}\n<\/style>\n<script>\nfunction turkAdresFormatiGuncelle() {\n    \/\/ Adreslerin bulundu\u011fu t\u00fcm divleri se\u00e7iyoruz\n    const adresElementleri = document.querySelectorAll('.asl-addr');\n\n    adresElementleri.forEach(element => {\n        \/\/ \u0130\u00e7erideki metni al\u0131yoruz\n        let adresMetni = element.textContent.trim();\n\n        \/\/ Sat\u0131r sonu karakterlerini (\u00f6rne\u011fin <br>) dikkate alarak sat\u0131rlar\u0131 ay\u0131r\u0131yoruz\n        const adresParcalari = adresMetni.split('\\n').map(parca => parca.trim()).filter(parca => parca.length > 0);\n\n        if (adresParcalari.length > 1) {\n            \/\/ \u0130lk sat\u0131r: cadde\/sokak bilgisi\n            const ilkSatir = adresParcalari[0];\n            \n            \/\/ \u0130kinci sat\u0131r: il, il\u00e7e ve posta kodu bilgisi\n            let ikinciSatir = adresParcalari[1];\n\n            \/\/ Posta kodunu, il ve il\u00e7e bilgilerini ay\u0131r\u0131yoruz\n            \/\/ Normalde: Ankara, Yenimahalle, 06200\n            const ikinciSatirParcalari = ikinciSatir.split(',').map(parca => parca.trim());\n\n            if (ikinciSatirParcalari.length === 3) {\n                \/\/ Posta kodunu en ba\u015fa al\u0131yoruz\n                const postaKodu = ikinciSatirParcalari[2];\n                const ilce = ikinciSatirParcalari[1];\n                const il = ikinciSatirParcalari[0];\n\n                \/\/ Yeni T\u00fcrk format\u0131n\u0131 olu\u015fturuyoruz\n                \/\/ \u00d6rne\u011fin: Demetevler, 358.Cd\n                \/\/ 06200 Yenimahalle, Ankara\n                const yeniAdresMetni = `${ilkSatir}\\n${postaKodu} ${ilce}, ${il}`;\n                \n                \/\/ HTML i\u00e7eri\u011fini g\u00fcncelliyoruz\n                element.innerHTML = yeniAdresMetni.replace(\/\\n\/g, '<br>');\n            }\n        }\n    });\n}\n\n\/\/ Sayfa y\u00fcklendi\u011finde fonksiyonu \u00e7al\u0131\u015ft\u0131r\u0131yoruz\nwindow.onload = turkAdresFormatiGuncelle;\n<\/script>","protected":false},"excerpt":{"rendered":"","protected":false},"author":6,"featured_media":0,"parent":0,"menu_order":0,"comment_status":"closed","ping_status":"closed","template":"","meta":{"_acf_changed":false,"inline_featured_image":false,"footnotes":""},"class_list":["post-3646","page","type-page","status-publish","hentry"],"acf":[],"_links":{"self":[{"href":"https:\/\/anadolupanel.com\/en\/wp-json\/wp\/v2\/pages\/3646","targetHints":{"allow":["GET"]}}],"collection":[{"href":"https:\/\/anadolupanel.com\/en\/wp-json\/wp\/v2\/pages"}],"about":[{"href":"https:\/\/anadolupanel.com\/en\/wp-json\/wp\/v2\/types\/page"}],"author":[{"embeddable":true,"href":"https:\/\/anadolupanel.com\/en\/wp-json\/wp\/v2\/users\/6"}],"replies":[{"embeddable":true,"href":"https:\/\/anadolupanel.com\/en\/wp-json\/wp\/v2\/comments?post=3646"}],"version-history":[{"count":2,"href":"https:\/\/anadolupanel.com\/en\/wp-json\/wp\/v2\/pages\/3646\/revisions"}],"predecessor-version":[{"id":3648,"href":"https:\/\/anadolupanel.com\/en\/wp-json\/wp\/v2\/pages\/3646\/revisions\/3648"}],"wp:attachment":[{"href":"https:\/\/anadolupanel.com\/en\/wp-json\/wp\/v2\/media?parent=3646"}],"curies":[{"name":"wp","href":"https:\/\/api.w.org\/{rel}","templated":true}]}}