{"id":2512,"date":"2025-03-06T10:07:58","date_gmt":"2025-03-06T10:07:58","guid":{"rendered":"https:\/\/anadolupanel.com\/referanslar\/"},"modified":"2025-04-26T14:57:55","modified_gmt":"2025-04-26T14:57:55","slug":"references","status":"publish","type":"page","link":"https:\/\/anadolupanel.com\/en\/references\/","title":{"rendered":"References"},"content":{"rendered":"\t\t<div data-elementor-type=\"wp-page\" data-elementor-id=\"2512\" class=\"elementor elementor-2512 elementor-991\" data-elementor-post-type=\"page\">\n\t\t\t\t<div class=\"elementor-element elementor-element-40775df e-flex e-con-boxed e-con e-parent\" data-id=\"40775df\" data-element_type=\"container\">\n\t\t\t\t\t<div class=\"e-con-inner\">\n\t\t\t\t<div class=\"elementor-element elementor-element-36f1a1b elementor-widget elementor-widget-html\" data-id=\"36f1a1b\" data-element_type=\"widget\" data-widget_type=\"html.default\">\n\t\t\t\t<div class=\"elementor-widget-container\">\n\t\t\t\t\t        <div class=\"referanslar-container\">\n            <div class=\"referanslar-grid\">\n                                                            <div class=\"referans-item\" data-id=\"2704\">\n                            <div class=\"referans-thumbnail\">\n                                                                    <img fetchpriority=\"high\" decoding=\"async\" width=\"800\" height=\"533\" src=\"https:\/\/anadolupanel.com\/wp-content\/uploads\/2025\/03\/ulubas-3-800x533.webp\" class=\"attachment-medium size-medium wp-post-image\" alt=\"\" srcset=\"https:\/\/anadolupanel.com\/wp-content\/uploads\/2025\/03\/ulubas-3-800x533.webp 800w, https:\/\/anadolupanel.com\/wp-content\/uploads\/2025\/03\/ulubas-3-1024x683.webp 1024w, https:\/\/anadolupanel.com\/wp-content\/uploads\/2025\/03\/ulubas-3-768x512.webp 768w, https:\/\/anadolupanel.com\/wp-content\/uploads\/2025\/03\/ulubas-3.webp 1080w\" sizes=\"(max-width: 800px) 100vw, 800px\" \/>                                                            <\/div>\n                            <h3 class=\"referans-title\">Uluba\u015f M\u00fchendislik-Metal-\u0130n\u015faat<\/h3>\n                        <\/div>\n                                            <div class=\"referans-item\" data-id=\"2705\">\n                            <div class=\"referans-thumbnail\">\n                                                                    <img decoding=\"async\" width=\"800\" height=\"533\" src=\"https:\/\/anadolupanel.com\/wp-content\/uploads\/2025\/03\/ulu-demir-celik-3-800x533.webp\" class=\"attachment-medium size-medium wp-post-image\" alt=\"\" srcset=\"https:\/\/anadolupanel.com\/wp-content\/uploads\/2025\/03\/ulu-demir-celik-3-800x533.webp 800w, https:\/\/anadolupanel.com\/wp-content\/uploads\/2025\/03\/ulu-demir-celik-3-1024x683.webp 1024w, https:\/\/anadolupanel.com\/wp-content\/uploads\/2025\/03\/ulu-demir-celik-3-768x512.webp 768w, https:\/\/anadolupanel.com\/wp-content\/uploads\/2025\/03\/ulu-demir-celik-3.webp 1080w\" sizes=\"(max-width: 800px) 100vw, 800px\" \/>                                                            <\/div>\n                            <h3 class=\"referans-title\">Ulu Demir \u00c7elik<\/h3>\n                        <\/div>\n                                            <div class=\"referans-item\" data-id=\"2706\">\n                            <div class=\"referans-thumbnail\">\n                                                                    <img decoding=\"async\" width=\"800\" height=\"533\" src=\"https:\/\/anadolupanel.com\/wp-content\/uploads\/2025\/03\/ugur-ay-800x533.webp\" class=\"attachment-medium size-medium wp-post-image\" alt=\"\" srcset=\"https:\/\/anadolupanel.com\/wp-content\/uploads\/2025\/03\/ugur-ay-800x533.webp 800w, https:\/\/anadolupanel.com\/wp-content\/uploads\/2025\/03\/ugur-ay-1024x683.webp 1024w, https:\/\/anadolupanel.com\/wp-content\/uploads\/2025\/03\/ugur-ay-768x512.webp 768w, https:\/\/anadolupanel.com\/wp-content\/uploads\/2025\/03\/ugur-ay.webp 1080w\" sizes=\"(max-width: 800px) 100vw, 800px\" \/>                                                            <\/div>\n                            <h3 class=\"referans-title\">U\u011furay S\u00fct Mam\u00fclleri<\/h3>\n                        <\/div>\n                                            <div class=\"referans-item\" data-id=\"2707\">\n                            <div class=\"referans-thumbnail\">\n                                                                    <img loading=\"lazy\" decoding=\"async\" width=\"800\" height=\"533\" src=\"https:\/\/anadolupanel.com\/wp-content\/uploads\/2025\/03\/tarhan-plastik-as-5-800x533.webp\" class=\"attachment-medium size-medium wp-post-image\" alt=\"\" srcset=\"https:\/\/anadolupanel.com\/wp-content\/uploads\/2025\/03\/tarhan-plastik-as-5-800x533.webp 800w, https:\/\/anadolupanel.com\/wp-content\/uploads\/2025\/03\/tarhan-plastik-as-5-1024x683.webp 1024w, https:\/\/anadolupanel.com\/wp-content\/uploads\/2025\/03\/tarhan-plastik-as-5-768x512.webp 768w, https:\/\/anadolupanel.com\/wp-content\/uploads\/2025\/03\/tarhan-plastik-as-5.webp 1080w\" sizes=\"(max-width: 800px) 100vw, 800px\" \/>                                                            <\/div>\n                            <h3 class=\"referans-title\">Tarhan Plastik A.\u015e.<\/h3>\n                        <\/div>\n                                            <div class=\"referans-item\" data-id=\"2708\">\n                            <div class=\"referans-thumbnail\">\n                                                                    <img loading=\"lazy\" decoding=\"async\" width=\"800\" height=\"533\" src=\"https:\/\/anadolupanel.com\/wp-content\/uploads\/2025\/03\/serinyil-plast-4-800x533.webp\" class=\"attachment-medium size-medium wp-post-image\" alt=\"\" srcset=\"https:\/\/anadolupanel.com\/wp-content\/uploads\/2025\/03\/serinyil-plast-4-800x533.webp 800w, https:\/\/anadolupanel.com\/wp-content\/uploads\/2025\/03\/serinyil-plast-4-1024x683.webp 1024w, https:\/\/anadolupanel.com\/wp-content\/uploads\/2025\/03\/serinyil-plast-4-768x512.webp 768w, https:\/\/anadolupanel.com\/wp-content\/uploads\/2025\/03\/serinyil-plast-4.webp 1080w\" sizes=\"(max-width: 800px) 100vw, 800px\" \/>                                                            <\/div>\n                            <h3 class=\"referans-title\">Seriny\u0131l Plast<\/h3>\n                        <\/div>\n                                            <div class=\"referans-item\" data-id=\"2709\">\n                            <div class=\"referans-thumbnail\">\n                                                                    <img loading=\"lazy\" decoding=\"async\" width=\"800\" height=\"533\" src=\"https:\/\/anadolupanel.com\/wp-content\/uploads\/2025\/03\/sarigozoglu-5-800x533.webp\" class=\"attachment-medium size-medium wp-post-image\" alt=\"\" srcset=\"https:\/\/anadolupanel.com\/wp-content\/uploads\/2025\/03\/sarigozoglu-5-800x533.webp 800w, https:\/\/anadolupanel.com\/wp-content\/uploads\/2025\/03\/sarigozoglu-5-1024x683.webp 1024w, https:\/\/anadolupanel.com\/wp-content\/uploads\/2025\/03\/sarigozoglu-5-768x512.webp 768w, https:\/\/anadolupanel.com\/wp-content\/uploads\/2025\/03\/sarigozoglu-5.webp 1080w\" sizes=\"(max-width: 800px) 100vw, 800px\" \/>                                                            <\/div>\n                            <h3 class=\"referans-title\">Sar\u0131g\u00f6zo\u011flu<\/h3>\n                        <\/div>\n                                            <div class=\"referans-item\" data-id=\"2710\">\n                            <div class=\"referans-thumbnail\">\n                                                                    <img loading=\"lazy\" decoding=\"async\" width=\"800\" height=\"533\" src=\"https:\/\/anadolupanel.com\/wp-content\/uploads\/2025\/03\/obial-celik-1-800x533.webp\" class=\"attachment-medium size-medium wp-post-image\" alt=\"\" srcset=\"https:\/\/anadolupanel.com\/wp-content\/uploads\/2025\/03\/obial-celik-1-800x533.webp 800w, https:\/\/anadolupanel.com\/wp-content\/uploads\/2025\/03\/obial-celik-1-1024x683.webp 1024w, https:\/\/anadolupanel.com\/wp-content\/uploads\/2025\/03\/obial-celik-1-768x512.webp 768w, https:\/\/anadolupanel.com\/wp-content\/uploads\/2025\/03\/obial-celik-1.webp 1080w\" sizes=\"(max-width: 800px) 100vw, 800px\" \/>                                                            <\/div>\n                            <h3 class=\"referans-title\">Obial \u00c7elik Silo<\/h3>\n                        <\/div>\n                                            <div class=\"referans-item\" data-id=\"2711\">\n                            <div class=\"referans-thumbnail\">\n                                                                    <img loading=\"lazy\" decoding=\"async\" width=\"800\" height=\"533\" src=\"https:\/\/anadolupanel.com\/wp-content\/uploads\/2025\/03\/metal-3-800x533.webp\" class=\"attachment-medium size-medium wp-post-image\" alt=\"\" srcset=\"https:\/\/anadolupanel.com\/wp-content\/uploads\/2025\/03\/metal-3-800x533.webp 800w, https:\/\/anadolupanel.com\/wp-content\/uploads\/2025\/03\/metal-3-1024x683.webp 1024w, https:\/\/anadolupanel.com\/wp-content\/uploads\/2025\/03\/metal-3-768x512.webp 768w, https:\/\/anadolupanel.com\/wp-content\/uploads\/2025\/03\/metal-3.webp 1080w\" sizes=\"(max-width: 800px) 100vw, 800px\" \/>                                                            <\/div>\n                            <h3 class=\"referans-title\">Metal<\/h3>\n                        <\/div>\n                                            <div class=\"referans-item\" data-id=\"2712\">\n                            <div class=\"referans-thumbnail\">\n                                                                    <img loading=\"lazy\" decoding=\"async\" width=\"800\" height=\"533\" src=\"https:\/\/anadolupanel.com\/wp-content\/uploads\/2025\/03\/mekfa-5-800x533.webp\" class=\"attachment-medium size-medium wp-post-image\" alt=\"\" srcset=\"https:\/\/anadolupanel.com\/wp-content\/uploads\/2025\/03\/mekfa-5-800x533.webp 800w, https:\/\/anadolupanel.com\/wp-content\/uploads\/2025\/03\/mekfa-5-1024x683.webp 1024w, https:\/\/anadolupanel.com\/wp-content\/uploads\/2025\/03\/mekfa-5-768x512.webp 768w, https:\/\/anadolupanel.com\/wp-content\/uploads\/2025\/03\/mekfa-5.webp 1080w\" sizes=\"(max-width: 800px) 100vw, 800px\" \/>                                                            <\/div>\n                            <h3 class=\"referans-title\">Mekfa Makina<\/h3>\n                        <\/div>\n                                            <div class=\"referans-item\" data-id=\"2713\">\n                            <div class=\"referans-thumbnail\">\n                                                                    <img loading=\"lazy\" decoding=\"async\" width=\"800\" height=\"533\" src=\"https:\/\/anadolupanel.com\/wp-content\/uploads\/2025\/03\/magna-4-800x533.webp\" class=\"attachment-medium size-medium wp-post-image\" alt=\"\" srcset=\"https:\/\/anadolupanel.com\/wp-content\/uploads\/2025\/03\/magna-4-800x533.webp 800w, https:\/\/anadolupanel.com\/wp-content\/uploads\/2025\/03\/magna-4-1024x683.webp 1024w, https:\/\/anadolupanel.com\/wp-content\/uploads\/2025\/03\/magna-4-768x512.webp 768w, https:\/\/anadolupanel.com\/wp-content\/uploads\/2025\/03\/magna-4.webp 1080w\" sizes=\"(max-width: 800px) 100vw, 800px\" \/>                                                            <\/div>\n                            <h3 class=\"referans-title\">Magna<\/h3>\n                        <\/div>\n                                            <div class=\"referans-item\" data-id=\"2714\">\n                            <div class=\"referans-thumbnail\">\n                                                                    <img loading=\"lazy\" decoding=\"async\" width=\"800\" height=\"533\" src=\"https:\/\/anadolupanel.com\/wp-content\/uploads\/2025\/03\/kocak-5-800x533.webp\" class=\"attachment-medium size-medium wp-post-image\" alt=\"\" srcset=\"https:\/\/anadolupanel.com\/wp-content\/uploads\/2025\/03\/kocak-5-800x533.webp 800w, https:\/\/anadolupanel.com\/wp-content\/uploads\/2025\/03\/kocak-5-1024x683.webp 1024w, https:\/\/anadolupanel.com\/wp-content\/uploads\/2025\/03\/kocak-5-768x512.webp 768w, https:\/\/anadolupanel.com\/wp-content\/uploads\/2025\/03\/kocak-5.webp 1080w\" sizes=\"(max-width: 800px) 100vw, 800px\" \/>                                                            <\/div>\n                            <h3 class=\"referans-title\">Ko\u00e7ak Elektrik-M\u00fchendislik<\/h3>\n                        <\/div>\n                                            <div class=\"referans-item\" data-id=\"2715\">\n                            <div class=\"referans-thumbnail\">\n                                                                    <img loading=\"lazy\" decoding=\"async\" width=\"800\" height=\"533\" src=\"https:\/\/anadolupanel.com\/wp-content\/uploads\/2025\/03\/kalde-11-800x533.webp\" class=\"attachment-medium size-medium wp-post-image\" alt=\"\" srcset=\"https:\/\/anadolupanel.com\/wp-content\/uploads\/2025\/03\/kalde-11-800x533.webp 800w, https:\/\/anadolupanel.com\/wp-content\/uploads\/2025\/03\/kalde-11-1024x683.webp 1024w, https:\/\/anadolupanel.com\/wp-content\/uploads\/2025\/03\/kalde-11-768x512.webp 768w, https:\/\/anadolupanel.com\/wp-content\/uploads\/2025\/03\/kalde-11.webp 1080w\" sizes=\"(max-width: 800px) 100vw, 800px\" \/>                                                            <\/div>\n                            <h3 class=\"referans-title\">Kalde<\/h3>\n                        <\/div>\n                                            <div class=\"referans-item\" data-id=\"2716\">\n                            <div class=\"referans-thumbnail\">\n                                                                    <img loading=\"lazy\" decoding=\"async\" width=\"800\" height=\"533\" src=\"https:\/\/anadolupanel.com\/wp-content\/uploads\/2025\/03\/DSC_0677-800x533.webp\" class=\"attachment-medium size-medium wp-post-image\" alt=\"\" srcset=\"https:\/\/anadolupanel.com\/wp-content\/uploads\/2025\/03\/DSC_0677-800x533.webp 800w, https:\/\/anadolupanel.com\/wp-content\/uploads\/2025\/03\/DSC_0677-1024x683.webp 1024w, https:\/\/anadolupanel.com\/wp-content\/uploads\/2025\/03\/DSC_0677-768x512.webp 768w, https:\/\/anadolupanel.com\/wp-content\/uploads\/2025\/03\/DSC_0677.webp 1080w\" sizes=\"(max-width: 800px) 100vw, 800px\" \/>                                                            <\/div>\n                            <h3 class=\"referans-title\">Garb<\/h3>\n                        <\/div>\n                                            <div class=\"referans-item\" data-id=\"2717\">\n                            <div class=\"referans-thumbnail\">\n                                                                    <img loading=\"lazy\" decoding=\"async\" width=\"800\" height=\"533\" src=\"https:\/\/anadolupanel.com\/wp-content\/uploads\/2025\/03\/borsan-800x533.webp\" class=\"attachment-medium size-medium wp-post-image\" alt=\"\" srcset=\"https:\/\/anadolupanel.com\/wp-content\/uploads\/2025\/03\/borsan-800x533.webp 800w, https:\/\/anadolupanel.com\/wp-content\/uploads\/2025\/03\/borsan-1024x683.webp 1024w, https:\/\/anadolupanel.com\/wp-content\/uploads\/2025\/03\/borsan-768x512.webp 768w, https:\/\/anadolupanel.com\/wp-content\/uploads\/2025\/03\/borsan.webp 1080w\" sizes=\"(max-width: 800px) 100vw, 800px\" \/>                                                            <\/div>\n                            <h3 class=\"referans-title\">Borsan<\/h3>\n                        <\/div>\n                                            <div class=\"referans-item\" data-id=\"2718\">\n                            <div class=\"referans-thumbnail\">\n                                                                    <img loading=\"lazy\" decoding=\"async\" width=\"800\" height=\"533\" src=\"https:\/\/anadolupanel.com\/wp-content\/uploads\/2025\/03\/atasoy-izabe-4-800x533.webp\" class=\"attachment-medium size-medium wp-post-image\" alt=\"\" srcset=\"https:\/\/anadolupanel.com\/wp-content\/uploads\/2025\/03\/atasoy-izabe-4-800x533.webp 800w, https:\/\/anadolupanel.com\/wp-content\/uploads\/2025\/03\/atasoy-izabe-4-1024x683.webp 1024w, https:\/\/anadolupanel.com\/wp-content\/uploads\/2025\/03\/atasoy-izabe-4-768x512.webp 768w, https:\/\/anadolupanel.com\/wp-content\/uploads\/2025\/03\/atasoy-izabe-4.webp 1080w\" sizes=\"(max-width: 800px) 100vw, 800px\" \/>                                                            <\/div>\n                            <h3 class=\"referans-title\">Atasoy \u0130zabe<\/h3>\n                        <\/div>\n                                            <div class=\"referans-item\" data-id=\"2719\">\n                            <div class=\"referans-thumbnail\">\n                                                                    <img loading=\"lazy\" decoding=\"async\" width=\"800\" height=\"533\" src=\"https:\/\/anadolupanel.com\/wp-content\/uploads\/2025\/03\/aks-izolasyon-2-800x533.webp\" class=\"attachment-medium size-medium wp-post-image\" alt=\"\" srcset=\"https:\/\/anadolupanel.com\/wp-content\/uploads\/2025\/03\/aks-izolasyon-2-800x533.webp 800w, https:\/\/anadolupanel.com\/wp-content\/uploads\/2025\/03\/aks-izolasyon-2-1024x683.webp 1024w, https:\/\/anadolupanel.com\/wp-content\/uploads\/2025\/03\/aks-izolasyon-2-768x512.webp 768w, https:\/\/anadolupanel.com\/wp-content\/uploads\/2025\/03\/aks-izolasyon-2.webp 1080w\" sizes=\"(max-width: 800px) 100vw, 800px\" \/>                                                            <\/div>\n                            <h3 class=\"referans-title\">Aks \u0130zolasyon<\/h3>\n                        <\/div>\n                                            <div class=\"referans-item\" data-id=\"2720\">\n                            <div class=\"referans-thumbnail\">\n                                                                    <img loading=\"lazy\" decoding=\"async\" width=\"800\" height=\"533\" src=\"https:\/\/anadolupanel.com\/wp-content\/uploads\/2025\/03\/agacli-silo-1-800x533.webp\" class=\"attachment-medium size-medium wp-post-image\" alt=\"\" srcset=\"https:\/\/anadolupanel.com\/wp-content\/uploads\/2025\/03\/agacli-silo-1-800x533.webp 800w, https:\/\/anadolupanel.com\/wp-content\/uploads\/2025\/03\/agacli-silo-1-1024x683.webp 1024w, https:\/\/anadolupanel.com\/wp-content\/uploads\/2025\/03\/agacli-silo-1-768x512.webp 768w, https:\/\/anadolupanel.com\/wp-content\/uploads\/2025\/03\/agacli-silo-1.webp 1080w\" sizes=\"(max-width: 800px) 100vw, 800px\" \/>                                                            <\/div>\n                            <h3 class=\"referans-title\">A\u011fa\u00e7l\u0131 Silo<\/h3>\n                        <\/div>\n                                            <div class=\"referans-item\" data-id=\"2721\">\n                            <div class=\"referans-thumbnail\">\n                                                                    <img loading=\"lazy\" decoding=\"async\" width=\"800\" height=\"533\" src=\"https:\/\/anadolupanel.com\/wp-content\/uploads\/2025\/03\/aksaray-osb-itfaiye-3-800x533.webp\" class=\"attachment-medium size-medium wp-post-image\" alt=\"\" srcset=\"https:\/\/anadolupanel.com\/wp-content\/uploads\/2025\/03\/aksaray-osb-itfaiye-3-800x533.webp 800w, https:\/\/anadolupanel.com\/wp-content\/uploads\/2025\/03\/aksaray-osb-itfaiye-3-1024x683.webp 1024w, https:\/\/anadolupanel.com\/wp-content\/uploads\/2025\/03\/aksaray-osb-itfaiye-3-768x512.webp 768w, https:\/\/anadolupanel.com\/wp-content\/uploads\/2025\/03\/aksaray-osb-itfaiye-3.webp 1080w\" sizes=\"(max-width: 800px) 100vw, 800px\" \/>                                                            <\/div>\n                            <h3 class=\"referans-title\">Aksaray OSB Directorate Fire Station<\/h3>\n                        <\/div>\n                                                <\/div>\n            \n            <!-- Canvas Backdrop -->\n            <div class=\"canvas-backdrop\"><\/div>\n            \n            <!-- Canvas Overlay -->\n            <div class=\"referans-canvas-overlay\">\n                <div class=\"referans-canvas-container\">\n                    <div class=\"referans-canvas-close\">&times;<\/div>\n                    <div class=\"referans-canvas-content\">\n                        <!-- AJAX ile i\u00e7erik buraya y\u00fcklenecek -->\n                        <div class=\"referans-loading\">\n                            <div class=\"spinner\"><\/div>\n                        <\/div>\n                    <\/div>\n                <\/div>\n                <div class=\"referans-canvas-nav\">\n                    <div class=\"referans-nav-item\">\n                        <button class=\"referans-prev\">Previous<\/button>\n                        <span class=\"referans-nav-title prev-title\"><\/span>\n                    <\/div>\n                    <div class=\"referans-nav-item next\">\n                        <button class=\"referans-next\">Next<\/button>\n                        <span class=\"referans-nav-title next-title\"><\/span>\n                    <\/div>\n                <\/div>\n            <\/div>\n        <\/div>\n        \t\t\t\t<\/div>\n\t\t\t\t<\/div>\n\t\t\t\t\t<\/div>\n\t\t\t\t<\/div>\n\t\t\t\t<\/div>\n\t\t","protected":false},"excerpt":{"rendered":"","protected":false},"author":6,"featured_media":0,"parent":0,"menu_order":0,"comment_status":"closed","ping_status":"closed","template":"","meta":{"_acf_changed":false,"inline_featured_image":false,"footnotes":""},"class_list":["post-2512","page","type-page","status-publish","hentry"],"acf":[],"_links":{"self":[{"href":"https:\/\/anadolupanel.com\/en\/wp-json\/wp\/v2\/pages\/2512","targetHints":{"allow":["GET"]}}],"collection":[{"href":"https:\/\/anadolupanel.com\/en\/wp-json\/wp\/v2\/pages"}],"about":[{"href":"https:\/\/anadolupanel.com\/en\/wp-json\/wp\/v2\/types\/page"}],"author":[{"embeddable":true,"href":"https:\/\/anadolupanel.com\/en\/wp-json\/wp\/v2\/users\/6"}],"replies":[{"embeddable":true,"href":"https:\/\/anadolupanel.com\/en\/wp-json\/wp\/v2\/comments?post=2512"}],"version-history":[{"count":1,"href":"https:\/\/anadolupanel.com\/en\/wp-json\/wp\/v2\/pages\/2512\/revisions"}],"predecessor-version":[{"id":2513,"href":"https:\/\/anadolupanel.com\/en\/wp-json\/wp\/v2\/pages\/2512\/revisions\/2513"}],"wp:attachment":[{"href":"https:\/\/anadolupanel.com\/en\/wp-json\/wp\/v2\/media?parent=2512"}],"curies":[{"name":"wp","href":"https:\/\/api.w.org\/{rel}","templated":true}]}}