{"id":2467,"date":"2025-03-11T09:44:43","date_gmt":"2025-03-11T09:44:43","guid":{"rendered":"https:\/\/anadolupanel.com\/kalite-politikamiz\/"},"modified":"2025-10-23T10:21:52","modified_gmt":"2025-10-23T10:21:52","slug":"quality-policy","status":"publish","type":"page","link":"https:\/\/anadolupanel.com\/en\/quality-policy\/","title":{"rendered":"Quality Policy"},"content":{"rendered":"\t\t<div data-elementor-type=\"wp-page\" data-elementor-id=\"2467\" class=\"elementor elementor-2467 elementor-1417\" data-elementor-post-type=\"page\">\n\t\t\t\t<div class=\"elementor-element elementor-element-f6b88d7 e-flex e-con-boxed e-con e-parent\" data-id=\"f6b88d7\" data-element_type=\"container\">\n\t\t\t\t\t<div class=\"e-con-inner\">\n\t\t<div class=\"elementor-element elementor-element-1234185 e-con-full e-flex e-con e-child\" data-id=\"1234185\" data-element_type=\"container\">\n\t\t<div class=\"elementor-element elementor-element-0958c8a e-con-full e-flex e-con e-child\" data-id=\"0958c8a\" data-element_type=\"container\">\n\t\t\t\t<div class=\"elementor-element elementor-element-e7c7595 elementor-widget elementor-widget-text-editor\" data-id=\"e7c7595\" data-element_type=\"widget\" data-widget_type=\"text-editor.default\">\n\t\t\t\t<div class=\"elementor-widget-container\">\n\t\t\t\t\t\t\t\t\t<p><strong>ANADOLU PANEL \u0130N\u015eAAT SAN. VE T\u0130C. LTD. \u015eT\u0130.<\/strong> has adopted the principle of providing seamless service to its customers with its expert management team and personnel by utilizing advanced technology and modern engineering solutions in the production, sales, and application of self-supporting double-sided metal-clad insulation panels, thermal insulation, and exterior cladding systems.<\/p><p>By ensuring the most efficient use of all resources through the active participation of employees who embrace team spirit, our main objectives are to maintain our amateur enthusiasm while providing professional service, and to offer the fastest and most appropriate solutions to meet our customers\u2019 needs and expectations.<\/p><p>By implementing continuous improvement and development in all departments, adopting customer satisfaction as our primary goal, fulfilling the requirements of ISO 9001:2015, ISO 14001:2015, and ISO 45001:2018 Quality Management System Standards, and continuously improving their effectiveness constitute our \u201cQuality Policy.\u201d<\/p>\t\t\t\t\t\t\t\t<\/div>\n\t\t\t\t<\/div>\n\t\t\t\t<div class=\"elementor-element elementor-element-852a39e elementor-widget elementor-widget-image\" data-id=\"852a39e\" data-element_type=\"widget\" data-widget_type=\"image.default\">\n\t\t\t\t<div class=\"elementor-widget-container\">\n\t\t\t\t\t\t\t\t\t\t\t\t\t\t\t<img fetchpriority=\"high\" decoding=\"async\" width=\"1202\" height=\"666\" src=\"https:\/\/anadolupanel.com\/wp-content\/uploads\/2025\/03\/anadolu-panel-bina-s.webp\" class=\"attachment-full size-full wp-image-2289\" alt=\"\" srcset=\"https:\/\/anadolupanel.com\/wp-content\/uploads\/2025\/03\/anadolu-panel-bina-s.webp 1202w, https:\/\/anadolupanel.com\/wp-content\/uploads\/2025\/03\/anadolu-panel-bina-s-800x443.webp 800w, https:\/\/anadolupanel.com\/wp-content\/uploads\/2025\/03\/anadolu-panel-bina-s-1024x567.webp 1024w, https:\/\/anadolupanel.com\/wp-content\/uploads\/2025\/03\/anadolu-panel-bina-s-768x426.webp 768w\" sizes=\"(max-width: 1202px) 100vw, 1202px\" \/>\t\t\t\t\t\t\t\t\t\t\t\t\t\t\t<\/div>\n\t\t\t\t<\/div>\n\t\t\t\t<\/div>\n\t\t\t\t<\/div>\n\t\t<div class=\"elementor-element elementor-element-cca2eca e-con-full e-flex e-con e-child\" data-id=\"cca2eca\" data-element_type=\"container\">\n\t\t\t\t<div class=\"elementor-element elementor-element-fc47860 elementor-widget elementor-widget-template\" data-id=\"fc47860\" data-element_type=\"widget\" data-widget_type=\"template.default\">\n\t\t\t\t<div class=\"elementor-widget-container\">\n\t\t\t\t\t\t\t<div class=\"elementor-template\">\n\t\t\t\t\t<div data-elementor-type=\"section\" data-elementor-id=\"2555\" class=\"elementor elementor-2555 elementor-1401\" data-elementor-post-type=\"elementor_library\">\n\t\t\t<div class=\"elementor-element elementor-element-7e55c9c e-con-full elementor-hidden-tablet elementor-hidden-mobile e-flex e-con e-child\" data-id=\"7e55c9c\" data-element_type=\"container\" data-settings=\"{&quot;background_background&quot;:&quot;classic&quot;}\">\n\t\t<div class=\"elementor-element elementor-element-7f79266 e-con-full e-flex e-con e-child\" data-id=\"7f79266\" data-element_type=\"container\" data-settings=\"{&quot;background_background&quot;:&quot;classic&quot;}\">\n\t\t\t\t<div class=\"elementor-element elementor-element-f93187f elementor-widget elementor-widget-heading\" data-id=\"f93187f\" data-element_type=\"widget\" data-widget_type=\"heading.default\">\n\t\t\t\t<div class=\"elementor-widget-container\">\n\t\t\t\t\t<h2 class=\"elementor-heading-title elementor-size-default\">Policy Menu<\/h2>\t\t\t\t<\/div>\n\t\t\t\t<\/div>\n\t\t\t\t<\/div>\n\t\t<div class=\"elementor-element elementor-element-accd545 e-con-full e-flex e-con e-child\" data-id=\"accd545\" data-element_type=\"container\" data-settings=\"{&quot;background_background&quot;:&quot;classic&quot;}\">\n\t\t\t\t<div class=\"elementor-element elementor-element-a363d1e elementor-nav-menu--dropdown-none elementor-widget elementor-widget-nav-menu\" data-id=\"a363d1e\" data-element_type=\"widget\" data-settings=\"{&quot;layout&quot;:&quot;vertical&quot;,&quot;submenu_icon&quot;:{&quot;value&quot;:&quot;&lt;svg class=\\&quot;e-font-icon-svg e-fas-caret-down\\&quot; viewBox=\\&quot;0 0 320 512\\&quot; xmlns=\\&quot;http:\\\/\\\/www.w3.org\\\/2000\\\/svg\\&quot;&gt;&lt;path d=\\&quot;M31.3 192h257.3c17.8 0 26.7 21.5 14.1 34.1L174.1 354.8c-7.8 7.8-20.5 7.8-28.3 0L17.2 226.1C4.6 213.5 13.5 192 31.3 192z\\&quot;&gt;&lt;\\\/path&gt;&lt;\\\/svg&gt;&quot;,&quot;library&quot;:&quot;fa-solid&quot;}}\" data-widget_type=\"nav-menu.default\">\n\t\t\t\t<div class=\"elementor-widget-container\">\n\t\t\t\t\t\t\t\t<nav aria-label=\"Menu\" class=\"elementor-nav-menu--main elementor-nav-menu__container elementor-nav-menu--layout-vertical e--pointer-none\">\n\t\t\t\t<ul id=\"menu-1-a363d1e\" class=\"elementor-nav-menu sm-vertical\"><li class=\"menu-item menu-item-type-post_type menu-item-object-page menu-item-1510\"><a href=\"https:\/\/anadolupanel.com\/kalite-politikamiz\/\" class=\"elementor-item\">Quality Policy<\/a><\/li>\n<li class=\"menu-item menu-item-type-post_type menu-item-object-page menu-item-1313\"><a href=\"https:\/\/anadolupanel.com\/cevre-politikamiz\/\" class=\"elementor-item\">Environmental Policy<\/a><\/li>\n<li class=\"menu-item menu-item-type-post_type menu-item-object-page menu-item-1381\"><a href=\"https:\/\/anadolupanel.com\/calisan-sagligi-ve-guvenlik-politikamiz\/\" class=\"elementor-item\">Employee Health and Safety Policy<\/a><\/li>\n<li class=\"menu-item menu-item-type-post_type menu-item-object-page menu-item-1505\"><a href=\"https:\/\/anadolupanel.com\/kisisel-verilerin-korunmasi-kanunu-aydinlatma-metni\/\" class=\"elementor-item\">Personal Data Protection Law Clarification Text<\/a><\/li>\n<li class=\"menu-item menu-item-type-post_type menu-item-object-page menu-item-1546\"><a rel=\"privacy-policy\" href=\"https:\/\/anadolupanel.com\/gizlilik-politikasi\/\" class=\"elementor-item\">Privacy Policy<\/a><\/li>\n<li class=\"menu-item menu-item-type-post_type menu-item-object-page menu-item-1935\"><a href=\"https:\/\/anadolupanel.com\/cerez-politikasi\/\" class=\"elementor-item\">Cookie Policy<\/a><\/li>\n<\/ul>\t\t\t<\/nav>\n\t\t\t\t\t\t<nav class=\"elementor-nav-menu--dropdown elementor-nav-menu__container\" aria-hidden=\"true\">\n\t\t\t\t<ul id=\"menu-2-a363d1e\" class=\"elementor-nav-menu sm-vertical\"><li class=\"menu-item menu-item-type-post_type menu-item-object-page menu-item-1510\"><a href=\"https:\/\/anadolupanel.com\/kalite-politikamiz\/\" class=\"elementor-item\" tabindex=\"-1\">Quality Policy<\/a><\/li>\n<li class=\"menu-item menu-item-type-post_type menu-item-object-page menu-item-1313\"><a href=\"https:\/\/anadolupanel.com\/cevre-politikamiz\/\" class=\"elementor-item\" tabindex=\"-1\">Environmental Policy<\/a><\/li>\n<li class=\"menu-item menu-item-type-post_type menu-item-object-page menu-item-1381\"><a href=\"https:\/\/anadolupanel.com\/calisan-sagligi-ve-guvenlik-politikamiz\/\" class=\"elementor-item\" tabindex=\"-1\">Employee Health and Safety Policy<\/a><\/li>\n<li class=\"menu-item menu-item-type-post_type menu-item-object-page menu-item-1505\"><a href=\"https:\/\/anadolupanel.com\/kisisel-verilerin-korunmasi-kanunu-aydinlatma-metni\/\" class=\"elementor-item\" tabindex=\"-1\">Personal Data Protection Law Clarification Text<\/a><\/li>\n<li class=\"menu-item menu-item-type-post_type menu-item-object-page menu-item-1546\"><a rel=\"privacy-policy\" href=\"https:\/\/anadolupanel.com\/gizlilik-politikasi\/\" class=\"elementor-item\" tabindex=\"-1\">Privacy Policy<\/a><\/li>\n<li class=\"menu-item menu-item-type-post_type menu-item-object-page menu-item-1935\"><a href=\"https:\/\/anadolupanel.com\/cerez-politikasi\/\" class=\"elementor-item\" tabindex=\"-1\">Cookie Policy<\/a><\/li>\n<\/ul>\t\t\t<\/nav>\n\t\t\t\t\t\t<\/div>\n\t\t\t\t<\/div>\n\t\t\t\t<\/div>\n\t\t\t\t<\/div>\n\t\t\t\t<\/div>\n\t\t\t\t<\/div>\n\t\t\t\t\t\t<\/div>\n\t\t\t\t<\/div>\n\t\t\t\t<\/div>\n\t\t\t\t\t<\/div>\n\t\t\t\t<\/div>\n\t\t\t\t<\/div>\n\t\t","protected":false},"excerpt":{"rendered":"<p>ANADOLU PANEL \u0130N\u015eAAT SAN. VE T\u0130C. LTD. \u015eT\u0130. has adopted the principle of providing seamless service to its customers with its expert management team and personnel by utilizing advanced technology and modern engineering solutions in the production, sales, and application of self-supporting double-sided metal-clad insulation panels, thermal insulation, and exterior cladding systems. By ensuring the [&hellip;]<\/p>\n","protected":false},"author":6,"featured_media":0,"parent":0,"menu_order":0,"comment_status":"closed","ping_status":"closed","template":"","meta":{"_acf_changed":false,"inline_featured_image":false,"footnotes":""},"class_list":["post-2467","page","type-page","status-publish","hentry"],"acf":[],"_links":{"self":[{"href":"https:\/\/anadolupanel.com\/en\/wp-json\/wp\/v2\/pages\/2467","targetHints":{"allow":["GET"]}}],"collection":[{"href":"https:\/\/anadolupanel.com\/en\/wp-json\/wp\/v2\/pages"}],"about":[{"href":"https:\/\/anadolupanel.com\/en\/wp-json\/wp\/v2\/types\/page"}],"author":[{"embeddable":true,"href":"https:\/\/anadolupanel.com\/en\/wp-json\/wp\/v2\/users\/6"}],"replies":[{"embeddable":true,"href":"https:\/\/anadolupanel.com\/en\/wp-json\/wp\/v2\/comments?post=2467"}],"version-history":[{"count":7,"href":"https:\/\/anadolupanel.com\/en\/wp-json\/wp\/v2\/pages\/2467\/revisions"}],"predecessor-version":[{"id":3735,"href":"https:\/\/anadolupanel.com\/en\/wp-json\/wp\/v2\/pages\/2467\/revisions\/3735"}],"wp:attachment":[{"href":"https:\/\/anadolupanel.com\/en\/wp-json\/wp\/v2\/media?parent=2467"}],"curies":[{"name":"wp","href":"https:\/\/api.w.org\/{rel}","templated":true}]}}