{"id":2422,"date":"2025-02-26T09:57:47","date_gmt":"2025-02-26T09:57:47","guid":{"rendered":"https:\/\/anadolupanel.com\/hakkimizda\/"},"modified":"2025-04-28T13:23:17","modified_gmt":"2025-04-28T13:23:17","slug":"about-us","status":"publish","type":"page","link":"https:\/\/anadolupanel.com\/en\/about-us\/","title":{"rendered":"About Us"},"content":{"rendered":"\t\t<div data-elementor-type=\"wp-page\" data-elementor-id=\"2422\" class=\"elementor elementor-2422 elementor-530\" data-elementor-post-type=\"page\">\n\t\t\t\t<div class=\"elementor-element elementor-element-6fdaf8c e-flex e-con-boxed e-con e-parent\" data-id=\"6fdaf8c\" data-element_type=\"container\">\n\t\t\t\t\t<div class=\"e-con-inner\">\n\t\t<div class=\"elementor-element elementor-element-586fb34 e-con-full e-flex e-con e-child\" data-id=\"586fb34\" data-element_type=\"container\">\n\t\t\t\t<div class=\"elementor-element elementor-element-ce4e23f elementor-widget elementor-widget-image\" data-id=\"ce4e23f\" data-element_type=\"widget\" data-widget_type=\"image.default\">\n\t\t\t\t<div class=\"elementor-widget-container\">\n\t\t\t\t\t\t\t\t\t\t\t\t\t\t\t<img fetchpriority=\"high\" decoding=\"async\" width=\"888\" height=\"836\" src=\"https:\/\/anadolupanel.com\/wp-content\/uploads\/2025\/02\/anadolu-panel-hakkinda.webp\" class=\"attachment-full size-full wp-image-2145\" alt=\"\" srcset=\"https:\/\/anadolupanel.com\/wp-content\/uploads\/2025\/02\/anadolu-panel-hakkinda.webp 888w, https:\/\/anadolupanel.com\/wp-content\/uploads\/2025\/02\/anadolu-panel-hakkinda-800x753.webp 800w, https:\/\/anadolupanel.com\/wp-content\/uploads\/2025\/02\/anadolu-panel-hakkinda-768x723.webp 768w\" sizes=\"(max-width: 888px) 100vw, 888px\" \/>\t\t\t\t\t\t\t\t\t\t\t\t\t\t\t<\/div>\n\t\t\t\t<\/div>\n\t\t\t\t<div class=\"elementor-element elementor-element-e95db5f elementor-widget__width-auto elementor-absolute elementor-widget elementor-widget-html\" data-id=\"e95db5f\" data-element_type=\"widget\" data-settings=\"{&quot;_position&quot;:&quot;absolute&quot;}\" data-widget_type=\"html.default\">\n\t\t\t\t<div class=\"elementor-widget-container\">\n\t\t\t\t\t<div class=\"about-two__rectangle\">\r\n                            <div class=\"item-one wow animated\" style=\"visibility: visible;\"><\/div>\r\n                            <div class=\"item-two wow animated\" style=\"visibility: visible;\"><\/div>\r\n                            <div class=\"item-three wow animated\" style=\"visibility: visible;\"><\/div>\r\n                        <\/div>\t\t\t\t<\/div>\n\t\t\t\t<\/div>\n\t\t\t\t<\/div>\n\t\t<div class=\"elementor-element elementor-element-2a9dff7 e-con-full e-flex e-con e-child\" data-id=\"2a9dff7\" data-element_type=\"container\">\n\t\t\t\t<div class=\"elementor-element elementor-element-f7697c2 elementor-widget__width-auto elementor-absolute elementor-hidden-tablet elementor-hidden-mobile elementor-widget elementor-widget-heading\" data-id=\"f7697c2\" data-element_type=\"widget\" data-settings=\"{&quot;_position&quot;:&quot;absolute&quot;}\" data-widget_type=\"heading.default\">\n\t\t\t\t<div class=\"elementor-widget-container\">\n\t\t\t\t\t<h2 class=\"elementor-heading-title elementor-size-default\">about us<\/h2>\t\t\t\t<\/div>\n\t\t\t\t<\/div>\n\t\t\t\t<div class=\"elementor-element elementor-element-f43e925 elementor-widget elementor-widget-heading\" data-id=\"f43e925\" data-element_type=\"widget\" data-widget_type=\"heading.default\">\n\t\t\t\t<div class=\"elementor-widget-container\">\n\t\t\t\t\t<div class=\"elementor-heading-title elementor-size-default\">Safely since 2015<\/div>\t\t\t\t<\/div>\n\t\t\t\t<\/div>\n\t\t\t\t<div class=\"elementor-element elementor-element-161ca82 elementor-widget elementor-widget-heading\" data-id=\"161ca82\" data-element_type=\"widget\" data-widget_type=\"heading.default\">\n\t\t\t\t<div class=\"elementor-widget-container\">\n\t\t\t\t\t<h2 class=\"elementor-heading-title elementor-size-default\">ANADOLU PANEL<\/h2>\t\t\t\t<\/div>\n\t\t\t\t<\/div>\n\t\t\t\t<div class=\"elementor-element elementor-element-631bfd0 elementor-widget-divider--view-line elementor-widget elementor-widget-divider\" data-id=\"631bfd0\" data-element_type=\"widget\" data-widget_type=\"divider.default\">\n\t\t\t\t<div class=\"elementor-widget-container\">\n\t\t\t\t\t\t\t<div class=\"elementor-divider\">\n\t\t\t<span class=\"elementor-divider-separator\">\n\t\t\t\t\t\t<\/span>\n\t\t<\/div>\n\t\t\t\t\t\t<\/div>\n\t\t\t\t<\/div>\n\t\t\t\t<div class=\"elementor-element elementor-element-dddc8d5 elementor-widget elementor-widget-text-editor\" data-id=\"dddc8d5\" data-element_type=\"widget\" data-widget_type=\"text-editor.default\">\n\t\t\t\t<div class=\"elementor-widget-container\">\n\t\t\t\t\t\t\t\t\t<p><strong>ANADOLU PANEL<\/strong>\u00a0and\u00a0<strong>DURU STRAFOR<\/strong>\u00a0was established in 2015 under the leadership of\u00a0<strong>Ekrem KAYASAN<\/strong>, Chairman of the Board of Directors and\u00a0<strong>G\u00fcrkan K\u00d6SEO\u011eLU<\/strong>, Board Member, on a total of 36.000m\u00b2 open and 10.000m\u00b2 closed area in Aksaray province, which is located on the historical silk road and connects Turkey\u2019s Eastern Anatolia, South Eastern Anatolia, Central Anatolia and Mediterranean regions.<\/p><p>As a result of the investments made in this context, as a result of creating the future and ensuring sustainable profitable growth, today, using the latest technological machinery equipment in the sector, it has reached an annual production capacity of 10.000.000m2 of polyurethane sandwich panels, a styrofoam plant for insulation and decoration purposes with a production capacity of 150.000 m3 and an annual sheet metal accessories processing facility of over 15.000 tons.<\/p>\t\t\t\t\t\t\t\t<\/div>\n\t\t\t\t<\/div>\n\t\t\t\t<\/div>\n\t\t\t\t\t<\/div>\n\t\t\t\t<\/div>\n\t\t<div class=\"elementor-element elementor-element-9490330 e-flex e-con-boxed e-con e-parent\" data-id=\"9490330\" data-element_type=\"container\" data-settings=\"{&quot;background_background&quot;:&quot;gradient&quot;}\">\n\t\t\t\t\t<div class=\"e-con-inner\">\n\t\t<div class=\"elementor-element elementor-element-55d62d0 e-con-full count-sec e-flex e-con e-child\" data-id=\"55d62d0\" data-element_type=\"container\">\n\t\t\t\t<div class=\"elementor-element elementor-element-3ee9f7d elementor-widget elementor-widget-counter\" data-id=\"3ee9f7d\" data-element_type=\"widget\" data-widget_type=\"counter.default\">\n\t\t\t\t<div class=\"elementor-widget-container\">\n\t\t\t\t\t\t\t<div class=\"elementor-counter\">\n\t\t\t<div class=\"elementor-counter-title\">Annual Sandwich Panel Production Capacity<\/div>\t\t\t<div class=\"elementor-counter-number-wrapper\">\n\t\t\t\t<span class=\"elementor-counter-number-prefix\"><\/span>\n\t\t\t\t<span class=\"elementor-counter-number\" data-duration=\"2000\" data-to-value=\"10000000\" data-from-value=\"0\" data-delimiter=\".\">0<\/span>\n\t\t\t\t<span class=\"elementor-counter-number-suffix\"> m\u00b2<\/span>\n\t\t\t<\/div>\n\t\t<\/div>\n\t\t\t\t\t\t<\/div>\n\t\t\t\t<\/div>\n\t\t\t\t<\/div>\n\t\t<div class=\"elementor-element elementor-element-ad8280d e-con-full count-sec e-flex e-con e-child\" data-id=\"ad8280d\" data-element_type=\"container\">\n\t\t\t\t<div class=\"elementor-element elementor-element-5a0977b elementor-widget elementor-widget-counter\" data-id=\"5a0977b\" data-element_type=\"widget\" data-widget_type=\"counter.default\">\n\t\t\t\t<div class=\"elementor-widget-container\">\n\t\t\t\t\t\t\t<div class=\"elementor-counter\">\n\t\t\t<div class=\"elementor-counter-title\">Styrofoam Production Capacity for Insulation and Decoration<\/div>\t\t\t<div class=\"elementor-counter-number-wrapper\">\n\t\t\t\t<span class=\"elementor-counter-number-prefix\"><\/span>\n\t\t\t\t<span class=\"elementor-counter-number\" data-duration=\"2000\" data-to-value=\"150000\" data-from-value=\"0\" data-delimiter=\".\">0<\/span>\n\t\t\t\t<span class=\"elementor-counter-number-suffix\"> m\u00b2<\/span>\n\t\t\t<\/div>\n\t\t<\/div>\n\t\t\t\t\t\t<\/div>\n\t\t\t\t<\/div>\n\t\t\t\t<\/div>\n\t\t<div class=\"elementor-element elementor-element-fcc55f4 e-con-full count-sec e-flex e-con e-child\" data-id=\"fcc55f4\" data-element_type=\"container\">\n\t\t\t\t<div class=\"elementor-element elementor-element-f83a141 elementor-widget elementor-widget-counter\" data-id=\"f83a141\" data-element_type=\"widget\" data-widget_type=\"counter.default\">\n\t\t\t\t<div class=\"elementor-widget-container\">\n\t\t\t\t\t\t\t<div class=\"elementor-counter\">\n\t\t\t<div class=\"elementor-counter-title\">Sheet Metal Accessories Processing Capacity<\/div>\t\t\t<div class=\"elementor-counter-number-wrapper\">\n\t\t\t\t<span class=\"elementor-counter-number-prefix\"><\/span>\n\t\t\t\t<span class=\"elementor-counter-number\" data-duration=\"2000\" data-to-value=\"15000\" data-from-value=\"0\" data-delimiter=\".\">0<\/span>\n\t\t\t\t<span class=\"elementor-counter-number-suffix\"> ton+<\/span>\n\t\t\t<\/div>\n\t\t<\/div>\n\t\t\t\t\t\t<\/div>\n\t\t\t\t<\/div>\n\t\t\t\t<\/div>\n\t\t\t\t\t<\/div>\n\t\t\t\t<\/div>\n\t\t<div class=\"elementor-element elementor-element-6535a64 e-flex e-con-boxed e-con e-parent\" data-id=\"6535a64\" data-element_type=\"container\" data-settings=\"{&quot;background_background&quot;:&quot;classic&quot;}\">\n\t\t\t\t\t<div class=\"e-con-inner\">\n\t\t<div class=\"elementor-element elementor-element-bb2bb6c e-con-full e-flex e-con e-child\" data-id=\"bb2bb6c\" data-element_type=\"container\">\n\t\t\t\t<div class=\"elementor-element elementor-element-c1fc1dc elementor-widget elementor-widget-heading\" data-id=\"c1fc1dc\" data-element_type=\"widget\" data-widget_type=\"heading.default\">\n\t\t\t\t<div class=\"elementor-widget-container\">\n\t\t\t\t\t<h3 class=\"elementor-heading-title elementor-size-default\">Our Mission<\/h3>\t\t\t\t<\/div>\n\t\t\t\t<\/div>\n\t\t\t\t<div class=\"elementor-element elementor-element-aa772c1 elementor-widget-divider--view-line elementor-widget elementor-widget-divider\" data-id=\"aa772c1\" data-element_type=\"widget\" data-widget_type=\"divider.default\">\n\t\t\t\t<div class=\"elementor-widget-container\">\n\t\t\t\t\t\t\t<div class=\"elementor-divider\">\n\t\t\t<span class=\"elementor-divider-separator\">\n\t\t\t\t\t\t<\/span>\n\t\t<\/div>\n\t\t\t\t\t\t<\/div>\n\t\t\t\t<\/div>\n\t\t\t\t<div class=\"elementor-element elementor-element-43851e2 elementor-widget elementor-widget-text-editor\" data-id=\"43851e2\" data-element_type=\"widget\" data-widget_type=\"text-editor.default\">\n\t\t\t\t<div class=\"elementor-widget-container\">\n\t\t\t\t\t\t\t\t\t<p>To create lasting value for our customers through continuous innovation in a globalizing world economy. To ensure the highest level of customer satisfaction in domestic and foreign markets by maintaining the highest quality standards at every stage from raw material selection to product shipment. To offer pioneering and innovative solutions in our sector by integrating our R&amp;D activities with our production processes.<\/p>\t\t\t\t\t\t\t\t<\/div>\n\t\t\t\t<\/div>\n\t\t\t\t<\/div>\n\t\t<div class=\"elementor-element elementor-element-c7098c3 e-con-full e-flex e-con e-child\" data-id=\"c7098c3\" data-element_type=\"container\">\n\t\t\t\t<div class=\"elementor-element elementor-element-0a5bb01 elementor-widget elementor-widget-heading\" data-id=\"0a5bb01\" data-element_type=\"widget\" data-widget_type=\"heading.default\">\n\t\t\t\t<div class=\"elementor-widget-container\">\n\t\t\t\t\t<h3 class=\"elementor-heading-title elementor-size-default\">Our Vision<\/h3>\t\t\t\t<\/div>\n\t\t\t\t<\/div>\n\t\t\t\t<div class=\"elementor-element elementor-element-ee7c86a elementor-widget-divider--view-line elementor-widget elementor-widget-divider\" data-id=\"ee7c86a\" data-element_type=\"widget\" data-widget_type=\"divider.default\">\n\t\t\t\t<div class=\"elementor-widget-container\">\n\t\t\t\t\t\t\t<div class=\"elementor-divider\">\n\t\t\t<span class=\"elementor-divider-separator\">\n\t\t\t\t\t\t<\/span>\n\t\t<\/div>\n\t\t\t\t\t\t<\/div>\n\t\t\t\t<\/div>\n\t\t\t\t<div class=\"elementor-element elementor-element-773f2e9 elementor-widget elementor-widget-text-editor\" data-id=\"773f2e9\" data-element_type=\"widget\" data-widget_type=\"text-editor.default\">\n\t\t\t\t<div class=\"elementor-widget-container\">\n\t\t\t\t\t\t\t\t\t<p class=\"whitespace-pre-wrap break-words\">To be a nationally and internationally recognized, reliable and leading brand in the building materials sector. To make maximum contribution to the national economy while ensuring sustainable growth. To increase our corporate know-how by supporting the continuous development of our employees and thus strengthen our position as a company with a voice in the global market. To become a strong representative of Turkish industry worldwide by expanding our export network.<\/p>\t\t\t\t\t\t\t\t<\/div>\n\t\t\t\t<\/div>\n\t\t\t\t<\/div>\n\t\t\t\t\t<\/div>\n\t\t\t\t<\/div>\n\t\t\t\t<\/div>\n\t\t","protected":false},"excerpt":{"rendered":"<p>about us Safely since 2015 ANADOLU PANEL ANADOLU PANEL\u00a0and\u00a0DURU STRAFOR\u00a0was established in 2015 under the leadership of\u00a0Ekrem KAYASAN, Chairman of the Board of Directors and\u00a0G\u00fcrkan K\u00d6SEO\u011eLU, Board Member, on a total of 36.000m\u00b2 open and 10.000m\u00b2 closed area in Aksaray province, which is located on the historical silk road and connects Turkey\u2019s Eastern Anatolia, South [&hellip;]<\/p>\n","protected":false},"author":6,"featured_media":0,"parent":0,"menu_order":0,"comment_status":"closed","ping_status":"closed","template":"","meta":{"_acf_changed":false,"inline_featured_image":false,"footnotes":""},"class_list":["post-2422","page","type-page","status-publish","hentry"],"acf":[],"_links":{"self":[{"href":"https:\/\/anadolupanel.com\/en\/wp-json\/wp\/v2\/pages\/2422","targetHints":{"allow":["GET"]}}],"collection":[{"href":"https:\/\/anadolupanel.com\/en\/wp-json\/wp\/v2\/pages"}],"about":[{"href":"https:\/\/anadolupanel.com\/en\/wp-json\/wp\/v2\/types\/page"}],"author":[{"embeddable":true,"href":"https:\/\/anadolupanel.com\/en\/wp-json\/wp\/v2\/users\/6"}],"replies":[{"embeddable":true,"href":"https:\/\/anadolupanel.com\/en\/wp-json\/wp\/v2\/comments?post=2422"}],"version-history":[{"count":7,"href":"https:\/\/anadolupanel.com\/en\/wp-json\/wp\/v2\/pages\/2422\/revisions"}],"predecessor-version":[{"id":2543,"href":"https:\/\/anadolupanel.com\/en\/wp-json\/wp\/v2\/pages\/2422\/revisions\/2543"}],"wp:attachment":[{"href":"https:\/\/anadolupanel.com\/en\/wp-json\/wp\/v2\/media?parent=2422"}],"curies":[{"name":"wp","href":"https:\/\/api.w.org\/{rel}","templated":true}]}}